{"id":87,"date":"2023-01-16T22:37:21","date_gmt":"2023-01-16T22:37:21","guid":{"rendered":"https:\/\/european-hrd-circle.org\/?page_id=87"},"modified":"2023-02-19T13:06:06","modified_gmt":"2023-02-19T13:06:06","slug":"circle","status":"publish","type":"page","link":"https:\/\/european-hrd-circle.org\/en\/newsroom\/circle\/","title":{"rendered":"Circle"},"content":{"rendered":"\n<div class=\"content-newsroom\">\n    \n        <div class=\"left\">\n            <img decoding=\"async\" src=\"https:\/\/european-hrd-circle.org\/wp-content\/uploads\/2023\/01\/the-european-social-model.jpg\" alt=\"\">\n        <\/div>\n\n        <div class=\"right\">\n            <h1>The European Social Model<\/h1>\n<p>The crisis has brought social issues back to the center of European debates: the European social model is once again a central stake. But what model are we talking about?<br \/>\nThe model that encourages and structures social dialogue, Europe \u2019s true trademark, which has an impact every day, this social dialogue that outlines an innovative, original, effective dialogue, which may be a real asset for globalization. The model that dominates over the very view of the company, which will have to be more human if it is to absorb all the blows it is taking.<\/p>\n<p>This collective book was written by practitioners in the field of social issues, HR managers, union members, researchers, European Commission members, or even people involved in social rating or training. \u00a0This is a multi-author book written by Europeans, driven by their national traditions and who currently face similar challenges \u2013 the transfer of knowledge in a context of demographic ageing, the inevitable rise in youth unemployment as well as awareness as regards corporate social responsibility in the company\u2019s ecosystem. It shows us that social Europe is buying built on a day-by-day basis, anticipating and shaping the accession of a new social pact, and that Europe is thus affirming its identity compared with the American or Chinese models.<\/p>\n        <\/div>\n\n    \n        <div class=\"left\">\n            <img decoding=\"async\" src=\"https:\/\/european-hrd-circle.org\/wp-content\/uploads\/2023\/01\/Corporate-human-heritage.jpg\" alt=\"\">\n        <\/div>\n\n        <div class=\"right\">\n            <h1>Corporate Human Heritage and Competitiveness<\/h1>\n<p>The value of a company is not just its financial or tangible assets; it is also its human heritage. But how to render all the complexity of the human side?<br \/>\nHuman heritage, which should be created, developed and transferred, means to be broader, more collective and more dynamic that human capital alone, which is sometimes too close to the financial approach. Increasing one\u2019s human heritage could be an ambition for businesses in the 21st century.To that end, all human resources policies must be measured, represented and reviewed, especially training, which must be considered as a true investment. Forgetting human heritage in a company\u2019s choices or competitiveness policies always leads to deadlocks.It is the missing link in debates around the issue of competitiveness.<br \/>\nMeasuring the stakes of human heritage is the object of this collective search initiated by the European HRD Circle together with European social stakeholders, managers or union officials, based on corporate practices via a multidisciplinary approach, from a philosophical, artistic and economic point of view. Human heritage is a barometer in times of crisis and a plan for Europe, which has definitely forgotten that it built its wealth on it.<\/p>\n<p><a href=\"https:\/\/european-hrd-circle.org\/wp-content\/uploads\/2023\/01\/WRITEN-BY.docx\">Discover articles and books written by our members<\/a><\/p>\n        <\/div>\n\n    \n        <div class=\"left\">\n            <img decoding=\"async\" src=\"https:\/\/european-hrd-circle.org\/wp-content\/uploads\/2023\/01\/2039-LHumainEnQuestion.jpg\" alt=\"\">\n        <\/div>\n\n        <div class=\"right\">\n            <h1>2039 L&#8217;humain en question ?<\/h1>\n<p>&nbsp;<\/p>\n<p><em>Une perspective \u00e0 vingt ans<\/em> pour oser penser les ruptures.<\/p>\n<p><em>Un ouvrage collectif pour mettre nos sens en alerte<\/em> et proposer une vigilance particuli\u00e8re sur le point cl\u00e9 qui d\u00e9terminera notre avenir, la place de l\u2019humain dans l\u2019entreprise.<\/p>\n<p><em>Un essai de<\/em> <em>social fiction<\/em> pour tenter d\u2019imaginer le monde du travail en 2039 dans une perspective europ\u00e9enne.<\/p>\n<p><em>Un livre pluriel<\/em> avec des nouvelles pour ouvrir le champ du possible, les perspectives \u00e9conomiques de Daniel Cohen, un point de vue africain avec Lionel Zinsou, un d\u00e9tour par la peinture avec Christian Monjou , une prise en compte de l\u2019intelligence artificielle avec Marko Ermann, des t\u00e9moignages de DRH de grands groupes europ\u00e9ens.<\/p>\n<p><em>Une d\u00e9marche optimiste<\/em> pour reprendre espoir dans l\u2019avenir.<\/p>\n<pre id=\"tw-target-text\" class=\"tw-data-text tw-text-large tw-ta\" dir=\"ltr\" data-placeholder=\"Traduction\"><a href=\"https:\/\/european-hrd-circle.org\/wp-content\/uploads\/2023\/02\/9782376222248_2039_Humanity_in_question.epub\">Download the digital book<\/a>\r\n\r\n\r\n<\/pre>\n        <\/div>\n\n    <\/div>","protected":false},"excerpt":{"rendered":"","protected":false},"author":1,"featured_media":0,"parent":24,"menu_order":0,"comment_status":"closed","ping_status":"closed","template":"newsroom.php","meta":{"_acf_changed":false,"footnotes":""},"class_list":["post-87","page","type-page","status-publish","hentry"],"acf":[],"_links":{"self":[{"href":"https:\/\/european-hrd-circle.org\/en\/wp-json\/wp\/v2\/pages\/87","targetHints":{"allow":["GET"]}}],"collection":[{"href":"https:\/\/european-hrd-circle.org\/en\/wp-json\/wp\/v2\/pages"}],"about":[{"href":"https:\/\/european-hrd-circle.org\/en\/wp-json\/wp\/v2\/types\/page"}],"author":[{"embeddable":true,"href":"https:\/\/european-hrd-circle.org\/en\/wp-json\/wp\/v2\/users\/1"}],"replies":[{"embeddable":true,"href":"https:\/\/european-hrd-circle.org\/en\/wp-json\/wp\/v2\/comments?post=87"}],"version-history":[{"count":25,"href":"https:\/\/european-hrd-circle.org\/en\/wp-json\/wp\/v2\/pages\/87\/revisions"}],"predecessor-version":[{"id":901,"href":"https:\/\/european-hrd-circle.org\/en\/wp-json\/wp\/v2\/pages\/87\/revisions\/901"}],"up":[{"embeddable":true,"href":"https:\/\/european-hrd-circle.org\/en\/wp-json\/wp\/v2\/pages\/24"}],"wp:attachment":[{"href":"https:\/\/european-hrd-circle.org\/en\/wp-json\/wp\/v2\/media?parent=87"}],"curies":[{"name":"wp","href":"https:\/\/api.w.org\/{rel}","templated":true}]}}